{"id":3360,"date":"2016-11-15T21:17:30","date_gmt":"2016-11-16T04:17:30","guid":{"rendered":"https:\/\/canamericanrealty.commazatlan\/"},"modified":"2026-01-26T17:19:36","modified_gmt":"2026-01-27T00:19:36","slug":"mazatlan","status":"publish","type":"page","link":"https:\/\/www.canamericanrealty.com\/es\/mazatlan\/","title":{"rendered":"Mazatl\u00e1n"},"content":{"rendered":"<p>Mazatl\u00e1n es una ciudad tur\u00edstica mexicana a lo largo de la costa del Pac\u00edfico en el estado de Sinaloa. Playas de arena alinean su malec\u00f3n-21 kilometros de largo (paseo mar\u00edtimo), y su puerto es conocido por la pesca de caza mayor. En su centro hist\u00f3rico, del siglo 19 puntos de inter\u00e9s incluyen la sala de espect\u00e1culos del Teatro \u00c1ngela Peralta y la alt\u00edsima bas\u00edlica de la Inmaculada Concepci\u00f3n. El moderno barrio de Zona Dorada es conocida por sus hoteles de la vida nocturna y de gran altura.<\/p>\n<p>A veces, cuando usted est\u00e1 planeando sus vacaciones, usted tiene que tomar una decisi\u00f3n: sol y playa o la cultura y la historia? Mazatl\u00e1n tiene la particularidad de ofrecer lo mejor de ambos mundos: en el m\u00e1s reciente Zona Dorada (Zona Dorada), desarrollado en la d\u00e9cada de 1960, se encuentra la mayor\u00eda de los principales hoteles, tiendas, bares y restaurantes repartidos a lo largo de las playas id\u00edlicas; Mientras tanto, en el Viejo Mazatl\u00e1n o en el Centro Hist\u00f3rico (Centro Hist\u00f3rico), la vida contin\u00faa como lo hizo antes de turistas llegaron a los mercados, caf\u00e9s, iglesias y plazas con sombra a lo largo de los barrios tradicionales.<\/p>\n<p>Usted encontrar\u00e1 que los mazatlecos, como los lugare\u00f1os llaman a s\u00ed mismos, son divertidos, amable y serviciales. En cualquier momento del a\u00f1o es bueno para mezclarse en los caf\u00e9s y restaurantes, pero si quieres unirte a la celebraci\u00f3n m\u00e1s famosa de la ciudad donde la gente festeja y baila en las calles, el famoso Carnaval de Mazatl\u00e1n es rivalizado en M\u00e9xico solamente por el de Veracruz.<\/p>\n<p>Los Mazatlecos est\u00e1n justificadamente orgullosos de la gentrificaci\u00f3n y la restauraci\u00f3n de las mansiones del siglo 19 en el centro de la ciudad una vez al desmoronamiento. Imagine una combinaci\u00f3n arquitect\u00f3nica de la paleta de colores pastel de Miami Beach y los balcones de hierro forjado y patios l\u00e1nguidos de Nueva Orleans<\/p>\n<p>Los sibaritas les encantar\u00e1 la variedad de restaurantes aqu\u00ed-de caba\u00f1as de playa r\u00fastico a patios con velas rom\u00e1nticas. Camar\u00f3n no viene m\u00e1s dulce o m\u00e1s fresco y los chefs con talento por toda la ciudad han dominado las recetas locales. Prueba de ellos son las empanadas de coco, marinado al estilo de ceviche en jugo de lim\u00f3n, mothered en ajo y mantequilla, flambeado en tequila, se dispar\u00f3 con una salsa Diablo o simplemente al vapor.<\/p>\n<p>C\u00f3mo llegar a Mazatl\u00e1n es f\u00e1cil, ya sea a trav\u00e9s de buenas autopistas, el aeropuerto internacional o el puerto deportivo. Una vez que llegue la elecci\u00f3n de alojamiento va desde peque\u00f1os hoteles familiares a las propiedades de lujo en la Zona Dorada, completas con restaurantes gourmet y spas.<\/p>\n<p>Situado justo al sur del Tr\u00f3pico de C\u00e1ncer, Mazatl\u00e1n disfruta templado clima semi-tropical durante todo el a\u00f1o. La temperatura promedio es de entre 25 y 30 grados cent\u00edgrados (77 y 86 grados Fahrenheit). Con un promedio de 300 d\u00edas de sol al a\u00f1o, siempre es tiempo de playa aqu\u00ed. No te olvides el protector solar.<\/p>\n","protected":false},"excerpt":{"rendered":"<p>Mazatl\u00e1n es una ciudad tur\u00edstica mexicana a lo largo de la costa del Pac\u00edfico en el estado de Sinaloa. Playas de arena alinean su malec\u00f3n-21 kilometros de largo (paseo mar\u00edtimo), y su puerto es conocido por la pesca de caza mayor. En su centro hist\u00f3rico, del siglo 19 puntos de inter\u00e9s incluyen la sala de [&hellip;]<\/p>\n","protected":false},"author":1,"featured_media":0,"parent":0,"menu_order":0,"comment_status":"closed","ping_status":"closed","template":"template-full-width.php","meta":{"footnotes":""},"class_list":["post-3360","page","type-page","status-publish","hentry"],"yoast_head":"<title>Mazatl\u00e1n - CanAmerican International Real Estate<\/title>\n<meta name=\"robots\" content=\"index, follow, max-snippet:-1, max-image-preview:large, max-video-preview:-1\" \/>\n<link rel=\"canonical\" href=\"https:\/\/www.canamericanrealty.com\/es\/mazatlan\/\" \/>\n<meta property=\"og:locale\" content=\"es_MX\" \/>\n<meta property=\"og:type\" content=\"article\" \/>\n<meta property=\"og:title\" content=\"Mazatl\u00e1n - CanAmerican International Real Estate\" \/>\n<meta property=\"og:description\" content=\"Mazatl\u00e1n es una ciudad tur\u00edstica mexicana a lo largo de la costa del Pac\u00edfico en el estado de Sinaloa. Playas de arena alinean su malec\u00f3n-21 kilometros de largo (paseo mar\u00edtimo), y su puerto es conocido por la pesca de caza mayor. En su centro hist\u00f3rico, del siglo 19 puntos de inter\u00e9s incluyen la sala de [&hellip;]\" \/>\n<meta property=\"og:url\" content=\"https:\/\/www.canamericanrealty.com\/es\/mazatlan\/\" \/>\n<meta property=\"og:site_name\" content=\"CanAmerican International Real Estate\" \/>\n<meta property=\"article:publisher\" content=\"https:\/\/www.facebook.com\/CanAmericanIntlRealty\/\" \/>\n<meta property=\"article:modified_time\" content=\"2026-01-27T00:19:36+00:00\" \/>\n<meta name=\"twitter:card\" content=\"summary_large_image\" \/>\n<meta name=\"twitter:site\" content=\"@CanAmericanInt\" \/>\n<meta name=\"twitter:label1\" content=\"Tiempo de lectura\" \/>\n\t<meta name=\"twitter:data1\" content=\"3 minutos\" \/>\n<script type=\"application\/ld+json\" class=\"yoast-schema-graph\">{\"@context\":\"https:\\\/\\\/schema.org\",\"@graph\":[{\"@type\":\"WebPage\",\"@id\":\"https:\\\/\\\/www.canamericanrealty.com\\\/es\\\/mazatlan\\\/\",\"url\":\"https:\\\/\\\/www.canamericanrealty.com\\\/es\\\/mazatlan\\\/\",\"name\":\"Mazatl\u00e1n - CanAmerican International Real Estate\",\"isPartOf\":{\"@id\":\"https:\\\/\\\/www.canamericanrealty.com\\\/#website\"},\"datePublished\":\"2016-11-16T04:17:30+00:00\",\"dateModified\":\"2026-01-27T00:19:36+00:00\",\"breadcrumb\":{\"@id\":\"https:\\\/\\\/www.canamericanrealty.com\\\/es\\\/mazatlan\\\/#breadcrumb\"},\"inLanguage\":\"es\",\"potentialAction\":[{\"@type\":\"ReadAction\",\"target\":[\"https:\\\/\\\/www.canamericanrealty.com\\\/es\\\/mazatlan\\\/\"]}]},{\"@type\":\"BreadcrumbList\",\"@id\":\"https:\\\/\\\/www.canamericanrealty.com\\\/es\\\/mazatlan\\\/#breadcrumb\",\"itemListElement\":[{\"@type\":\"ListItem\",\"position\":1,\"name\":\"Home\",\"item\":\"https:\\\/\\\/www.canamericanrealty.com\\\/es\\\/\"},{\"@type\":\"ListItem\",\"position\":2,\"name\":\"Mazatl\u00e1n\"}]},{\"@type\":\"WebSite\",\"@id\":\"https:\\\/\\\/www.canamericanrealty.com\\\/#website\",\"url\":\"https:\\\/\\\/www.canamericanrealty.com\\\/\",\"name\":\"CanAmerican International Real Estate\",\"description\":\"International Real Estate\",\"potentialAction\":[{\"@type\":\"SearchAction\",\"target\":{\"@type\":\"EntryPoint\",\"urlTemplate\":\"https:\\\/\\\/www.canamericanrealty.com\\\/?s={search_term_string}\"},\"query-input\":{\"@type\":\"PropertyValueSpecification\",\"valueRequired\":true,\"valueName\":\"search_term_string\"}}],\"inLanguage\":\"es\"}]}<\/script>","yoast_head_json":{"title":"Mazatl\u00e1n - CanAmerican International Real Estate","robots":{"index":"index","follow":"follow","max-snippet":"max-snippet:-1","max-image-preview":"max-image-preview:large","max-video-preview":"max-video-preview:-1"},"canonical":"https:\/\/www.canamericanrealty.com\/es\/mazatlan\/","og_locale":"es_MX","og_type":"article","og_title":"Mazatl\u00e1n - CanAmerican International Real Estate","og_description":"Mazatl\u00e1n es una ciudad tur\u00edstica mexicana a lo largo de la costa del Pac\u00edfico en el estado de Sinaloa. Playas de arena alinean su malec\u00f3n-21 kilometros de largo (paseo mar\u00edtimo), y su puerto es conocido por la pesca de caza mayor. En su centro hist\u00f3rico, del siglo 19 puntos de inter\u00e9s incluyen la sala de [&hellip;]","og_url":"https:\/\/www.canamericanrealty.com\/es\/mazatlan\/","og_site_name":"CanAmerican International Real Estate","article_publisher":"https:\/\/www.facebook.com\/CanAmericanIntlRealty\/","article_modified_time":"2026-01-27T00:19:36+00:00","twitter_card":"summary_large_image","twitter_site":"@CanAmericanInt","twitter_misc":{"Tiempo de lectura":"3 minutos"},"schema":{"@context":"https:\/\/schema.org","@graph":[{"@type":"WebPage","@id":"https:\/\/www.canamericanrealty.com\/es\/mazatlan\/","url":"https:\/\/www.canamericanrealty.com\/es\/mazatlan\/","name":"Mazatl\u00e1n - CanAmerican International Real Estate","isPartOf":{"@id":"https:\/\/www.canamericanrealty.com\/#website"},"datePublished":"2016-11-16T04:17:30+00:00","dateModified":"2026-01-27T00:19:36+00:00","breadcrumb":{"@id":"https:\/\/www.canamericanrealty.com\/es\/mazatlan\/#breadcrumb"},"inLanguage":"es","potentialAction":[{"@type":"ReadAction","target":["https:\/\/www.canamericanrealty.com\/es\/mazatlan\/"]}]},{"@type":"BreadcrumbList","@id":"https:\/\/www.canamericanrealty.com\/es\/mazatlan\/#breadcrumb","itemListElement":[{"@type":"ListItem","position":1,"name":"Home","item":"https:\/\/www.canamericanrealty.com\/es\/"},{"@type":"ListItem","position":2,"name":"Mazatl\u00e1n"}]},{"@type":"WebSite","@id":"https:\/\/www.canamericanrealty.com\/#website","url":"https:\/\/www.canamericanrealty.com\/","name":"CanAmerican International Real Estate","description":"International Real Estate","potentialAction":[{"@type":"SearchAction","target":{"@type":"EntryPoint","urlTemplate":"https:\/\/www.canamericanrealty.com\/?s={search_term_string}"},"query-input":{"@type":"PropertyValueSpecification","valueRequired":true,"valueName":"search_term_string"}}],"inLanguage":"es"}]}},"_links":{"self":[{"href":"https:\/\/www.canamericanrealty.com\/es\/wp-json\/wp\/v2\/pages\/3360","targetHints":{"allow":["GET"]}}],"collection":[{"href":"https:\/\/www.canamericanrealty.com\/es\/wp-json\/wp\/v2\/pages"}],"about":[{"href":"https:\/\/www.canamericanrealty.com\/es\/wp-json\/wp\/v2\/types\/page"}],"author":[{"embeddable":true,"href":"https:\/\/www.canamericanrealty.com\/es\/wp-json\/wp\/v2\/users\/1"}],"replies":[{"embeddable":true,"href":"https:\/\/www.canamericanrealty.com\/es\/wp-json\/wp\/v2\/comments?post=3360"}],"version-history":[{"count":2,"href":"https:\/\/www.canamericanrealty.com\/es\/wp-json\/wp\/v2\/pages\/3360\/revisions"}],"predecessor-version":[{"id":3364,"href":"https:\/\/www.canamericanrealty.com\/es\/wp-json\/wp\/v2\/pages\/3360\/revisions\/3364"}],"wp:attachment":[{"href":"https:\/\/www.canamericanrealty.com\/es\/wp-json\/wp\/v2\/media?parent=3360"}],"curies":[{"name":"wp","href":"https:\/\/api.w.org\/{rel}","templated":true}]}}