{"id":3363,"date":"2016-11-15T13:35:58","date_gmt":"2016-11-15T20:35:58","guid":{"rendered":"https:\/\/canamericanrealty.comcurrent-market\/"},"modified":"2026-01-26T17:20:09","modified_gmt":"2026-01-27T00:20:09","slug":"mercado-actual","status":"publish","type":"page","link":"https:\/\/www.canamericanrealty.com\/es\/mercado-actual\/","title":{"rendered":"Mercado Actual"},"content":{"rendered":"<h2>\u00bfPOR QU\u00c9 JUBILARSE EN MAZATL\u00c1N?<\/h2>\n<p>Mazatl\u00e1n se ha convertido en un lugar popular para los extranjeros que invierten y se retiran en M\u00e9xico. Esto no es ninguna sorpresa ya que, adem\u00e1s de ser excepcionalmente bien conectado y con f\u00e1cil acceso de los EE.UU. y Europa, Mazatl\u00e1n tambi\u00e9n ofrece un clima maravilloso, instalaciones de clase mundial y comodidades, un aut\u00e9ntico ambiente mexicano y bajos costos de vida. Conecte a CANAMERICAN International Real Estate para obtener m\u00e1s informaci\u00f3n acerca de la compra de bienes ra\u00edces en Mazatl\u00e1n.<br \/>\n&#8220;La inversi\u00f3n inmobiliaria en Mazatl\u00e1n es la mejor del Pac\u00edfico mexicano&#8221;.<\/p>\n<h4>VIVIENDO EN MAZATL\u00c1N<\/h4>\n<p>Mazatl\u00e1n es la ciudad tur\u00edstica m\u00e1s septentrional de la Riviera Mexicana (situada a lo largo de la costa del Pac\u00edfico) y es la ciudad m\u00e1s cercana de M\u00e9xico a los Estados Unidos. Es uno de los lugares m\u00e1s econ\u00f3micos en M\u00e9xico para tomar unas vacaciones y es tambi\u00e9n sede de uno de los mayores puertos de transporte comercial de M\u00e9xico.<\/p>\n<p>Mazatl\u00e1n es socialmente diversa y atrae a gente de muchos pa\u00edses y razas diferentes. Hay una fuerte contingencia de Chinos e Italianos que viven aqu\u00ed; Aunque la ciudad tambi\u00e9n atrae a Estadounidenses, Canadienses y algunos Europeos en busca de una aut\u00e9ntica ciudad Mexicana sin el hiper comercialismo de algunas otras zonas tur\u00edsticas en M\u00e9xico.<\/p>\n<p>El Centro Hist\u00f3rico ha estado experimentando un renacimiento notable en los \u00faltimos a\u00f1os como inversores inmobiliarios han comprado edificios abandonados coloniales y los restaur\u00f3 a su antigua gloria del siglo 18. Las autoridades de la ciudad tambi\u00e9n est\u00e1n haciendo su parte, mejorando las infraestructuras esenciales como el agua, el drenaje y la red el\u00e9ctrica local.<\/p>\n<p>Adem\u00e1s de algunas finas residencias, el centro hist\u00f3rico tambi\u00e9n se est\u00e1 convirtiendo en un animado centro comercial y cultural, que ofrece centros de arte, teatro, boutiques y restaurantes situados junto a hermosos \u00e1rboles y plazas y patios llenos de flores. Mazatl\u00e1n es uno de los destinos de vacaciones m\u00e1s asequibles de M\u00e9xico y muchos mexicanos llegan aqu\u00ed todos los a\u00f1os para sus vacaciones en familia. La Zona Dorada es un tramo de propiedades frente al mar &#8211; en su mayor\u00eda hoteles y condominios &#8211; que se extiende a lo largo de unos cuatro kil\u00f3metros de playa. Es aqu\u00ed donde los turistas vienen a quedarse y pasar sus vacaciones, y algunos expats comprar condominios con impresionantes vistas a trav\u00e9s del Oc\u00e9ano Pac\u00edfico y el Mar de Cort\u00e9s.<\/p>\n<p>Al sur, esta vibrante ciudad portuaria se enfrenta al Oc\u00e9ano Pac\u00edfico, y hacia el norte, el Mar de Cort\u00e9s, una masa de agua protegida por la pen\u00ednsula de Baja California. La ubicaci\u00f3n geogr\u00e1fica de la ciudad &#8211; en la misma latitud que Hawaii &#8211; proporciona calor durante todo el a\u00f1o sin calor o humedad extremos.<\/p>\n<p>Las conexiones de transporte incluyen un aeropuerto internacional con vuelos directos a ciudades clave de los Estados Unidos (y conexiones hacia Europa y m\u00e1s all\u00e1); Una carretera que conduce al norte a Los Mochis (otra ciudad portuaria y el t\u00e9rmino para el impresionante viaje de tren de Copper Canyon), la frontera de los Estados Unidos. El camino hacia el sur lleva a Puerto Vallarta y luego a Guadalajara, la segunda ciudad m\u00e1s grande de M\u00e9xico. Un ferry dos veces por semana tambi\u00e9n hace un cruce por el Mar de Cort\u00e9s a la ciudad de La Paz, capital del estado de Baja California Sur. Debido a su latitud, el clima de Mazatl\u00e1n es m\u00e1s moderado que las ciudades costeras mexicanas situadas m\u00e1s al sur. La temperatura diurna promedio es de 82F \/ 28C, y los niveles de humedad del verano permanecen en gran medida moderados en comparaci\u00f3n con lugares como Puerto Vallarta y Acapulco.<\/p>\n<p>Mazatl\u00e1n todav\u00eda se considera una ciudad tur\u00edstica &#8220;fuera del circuito tur\u00edstico&#8221; por la mayor\u00eda de los inversionistas extranjeros y aquellos que buscan vivir y retirarse en M\u00e9xico. Esta situaci\u00f3n proporciona una oportunidad \u00fanica y un factor de asequibilidad que otras ciudades costeras de la costa del Pac\u00edfico de M\u00e9xico no ofrecen ya debido a su popularidad. Adem\u00e1s de estar al lado del oc\u00e9ano, esta ciudad es totalmente aut\u00e9ntica en estilo: el verdadero M\u00e9xico vive y respira aqu\u00ed todos los d\u00edas del a\u00f1o.<\/p>\n<p>Entre las ubicaciones de playa m\u00e1s asequibles en M\u00e9xico Vivir o retirarse en Mazatl\u00e1n es asequible &#8211; posiblemente la ciudad de playa m\u00e1s asequible en la costa del Pac\u00edfico de M\u00e9xico. Los precios de las propiedades han aumentado en los \u00faltimos a\u00f1os, pero esta es una ciudad todav\u00eda en las primeras etapas de un renacimiento; En y alrededor del centro hist\u00f3rico todav\u00eda hay una mezcla de propiedades coloniales desarrolladas y subdesarrolladas; Y alrededor de los bordes del centro hist\u00f3rico est\u00e1n los barrios con &#8220;top fixer&#8221; propiedades que se ofrecen a la venta &#8211; una se\u00f1al segura de que hay mucho m\u00e1s crecimiento y desarrollo por venir. El otro factor de accesibilidad en Mazatl\u00e1n son los costos de vida: tiendas locales, tiendas y precios son m\u00e1s bajos que otros resorts de playa en M\u00e9xico y los presupuestos m\u00e1s peque\u00f1os se extienden a\u00fan m\u00e1s: no s\u00f3lo en el momento de comprar una propiedad sino tambi\u00e9n cuando los residentes se mueven y empiezan Pagar los gastos de la vida diaria.<\/p>\n<h4>INVERSI\u00d3N INWARD<\/h4>\n<p>Mazatl\u00e1n ha estado experimentando una oleada de inversi\u00f3n interna en los \u00faltimos a\u00f1os: tanto de mexicanos como de extranjeros. Esto se demuestra en el renacimiento del centro hist\u00f3rico, as\u00ed como la llegada de algunas nuevas marcas hoteleras importantes que est\u00e1n construyendo y abriendo nuevos centros tur\u00edsticos importantes al sur de Mazatl\u00e1n.<\/p>\n<p>En la actualidad, s\u00f3lo dos ciudades en M\u00e9xico pueden ofrecer amplias instalaciones para conferencias: Canc\u00fan y Ciudad de M\u00e9xico. Un nuevo centro de convenciones se abri\u00f3 recientemente en Mazatl\u00e1n y es el m\u00e1s grande de M\u00e9xico, y atraer\u00e1 a un gran n\u00famero de visitantes a la ciudad para exposiciones y conferencias; El centro de la exposici\u00f3n es el esfuerzo inicial ya que M\u00e9xico se posiciona como un lugar de clase mundial para grandes reuniones y exposiciones.<\/p>\n<p>Una inversi\u00f3n multimillonaria liderada por FONATUR, la agencia mexicana de inversiones en turismo, crear\u00e1 una importante zona tur\u00edstica nueva a unos dos o tres horas al sur de Mazatl\u00e1n. La zona tambi\u00e9n tendr\u00e1 su propio aeropuerto, y la inversi\u00f3n masiva que se realiza all\u00ed tendr\u00e1 un efecto positivo en Mazatl\u00e1n propiamente dicho.<\/p>\n<p>Una serie de grandes desarrolladores ya est\u00e1n creando casas de lujo y condominios en Mazatl\u00e1n, y proyectos extensos, como Estrella de Mar situado al sur de la ciudad ya s\u00f3lo diez minutos en coche del aeropuerto, ofrece el mejor campo de golf de la regi\u00f3n, condominios de lujo y la tierra Parcelas frente al campo de golf y \/ o el Oc\u00e9ano Pac\u00edfico. Es un excelente ejemplo del compromiso masivo y continuo que los grandes inversionistas est\u00e1n haciendo en esta regi\u00f3n, y Mazatl\u00e1n en particular.<\/p>\n<h4>GEMA DESPLAZADA, ACERCA DE DESPERTAR<\/h4>\n<p>Un par de semanas de visita a Mazatl\u00e1n demuestra que esta es una ciudad que ha sido pasada por alto por la mayor\u00eda de los extranjeros para la jubilaci\u00f3n y la inversi\u00f3n, y tambi\u00e9n uno que est\u00e1 en la c\u00faspide del despertar para convertirse en una ciudad tur\u00edstica importante en M\u00e9xico, as\u00ed como a nivel internacional. No hay duda de la inversi\u00f3n masiva y continua que se est\u00e1 haciendo aqu\u00ed hoy, y ya el n\u00famero de residentes expatriados est\u00e1 empezando a aumentar a medida que m\u00e1s personas descubren este centro tur\u00edstico y la ciudad portuaria, que hab\u00eda sido en gran medida pasada por alto por los extranjeros que buscan un lugar para vivir M\u00e9xico y dej\u00f3 sin desarrollar por los inversionistas desde los a\u00f1os 50.<\/p>\n<p>Los signos de desarrollo son evidentes para aquellos que han vivido en Mazatl\u00e1n durante una d\u00e9cada o m\u00e1s; Y la historia de crecimiento parece estar empezando. Los extranjeros que buscan una variedad de estilos de propiedad, un bajo costo de vida y que quieren vivir en un ambiente mexicano aut\u00e9ntico har\u00e1n bien en considerar Mazatl\u00e1n &#8211; claramente una ubicaci\u00f3n en la c\u00faspide de un renacimiento del siglo 21.<\/p>\n<h4>COSTO DE VIDA EN MAZATL\u00c1N.<\/h4>\n<p>El costo de vida en M\u00e9xico es t\u00edpicamente m\u00e1s bajo que en los Estados Unidos, Canad\u00e1 y Europa Occidental, aunque los costos precisos dependen de donde viva y de sus opciones de estilo de vida.<\/p>\n","protected":false},"excerpt":{"rendered":"<p>\u00bfPOR QU\u00c9 JUBILARSE EN MAZATL\u00c1N? Mazatl\u00e1n se ha convertido en un lugar popular para los extranjeros que invierten y se retiran en M\u00e9xico. Esto no es ninguna sorpresa ya que, adem\u00e1s de ser excepcionalmente bien conectado y con f\u00e1cil acceso de los EE.UU. y Europa, Mazatl\u00e1n tambi\u00e9n ofrece un clima maravilloso, instalaciones de clase mundial [&hellip;]<\/p>\n","protected":false},"author":1,"featured_media":0,"parent":0,"menu_order":0,"comment_status":"closed","ping_status":"closed","template":"","meta":{"footnotes":""},"coauthors":[508],"class_list":["post-3363","page","type-page","status-publish","hentry"],"yoast_head":"<title>Mercado Actual - CanAmerican International Real Estate<\/title>\n<meta name=\"robots\" content=\"index, follow, max-snippet:-1, max-image-preview:large, max-video-preview:-1\" \/>\n<link rel=\"canonical\" href=\"https:\/\/www.canamericanrealty.com\/es\/mercado-actual\/\" \/>\n<meta property=\"og:locale\" content=\"es_MX\" \/>\n<meta property=\"og:type\" content=\"article\" \/>\n<meta property=\"og:title\" content=\"Mercado Actual - CanAmerican International Real Estate\" \/>\n<meta property=\"og:description\" content=\"\u00bfPOR QU\u00c9 JUBILARSE EN MAZATL\u00c1N? Mazatl\u00e1n se ha convertido en un lugar popular para los extranjeros que invierten y se retiran en M\u00e9xico. Esto no es ninguna sorpresa ya que, adem\u00e1s de ser excepcionalmente bien conectado y con f\u00e1cil acceso de los EE.UU. y Europa, Mazatl\u00e1n tambi\u00e9n ofrece un clima maravilloso, instalaciones de clase mundial [&hellip;]\" \/>\n<meta property=\"og:url\" content=\"https:\/\/www.canamericanrealty.com\/es\/mercado-actual\/\" \/>\n<meta property=\"og:site_name\" content=\"CanAmerican International Real Estate\" \/>\n<meta property=\"article:publisher\" content=\"https:\/\/www.facebook.com\/CanAmericanIntlRealty\/\" \/>\n<meta property=\"article:modified_time\" content=\"2026-01-27T00:20:09+00:00\" \/>\n<meta name=\"twitter:card\" content=\"summary_large_image\" \/>\n<meta name=\"twitter:site\" content=\"@CanAmericanInt\" \/>\n<meta name=\"twitter:label1\" content=\"Tiempo de lectura\" \/>\n\t<meta name=\"twitter:data1\" content=\"6 minutos\" \/>\n<script type=\"application\/ld+json\" class=\"yoast-schema-graph\">{\"@context\":\"https:\\\/\\\/schema.org\",\"@graph\":[{\"@type\":\"WebPage\",\"@id\":\"https:\\\/\\\/www.canamericanrealty.com\\\/es\\\/mercado-actual\\\/\",\"url\":\"https:\\\/\\\/www.canamericanrealty.com\\\/es\\\/mercado-actual\\\/\",\"name\":\"Mercado Actual - CanAmerican International Real Estate\",\"isPartOf\":{\"@id\":\"https:\\\/\\\/www.canamericanrealty.com\\\/#website\"},\"datePublished\":\"2016-11-15T20:35:58+00:00\",\"dateModified\":\"2026-01-27T00:20:09+00:00\",\"breadcrumb\":{\"@id\":\"https:\\\/\\\/www.canamericanrealty.com\\\/es\\\/mercado-actual\\\/#breadcrumb\"},\"inLanguage\":\"es\",\"potentialAction\":[{\"@type\":\"ReadAction\",\"target\":[\"https:\\\/\\\/www.canamericanrealty.com\\\/es\\\/mercado-actual\\\/\"]}]},{\"@type\":\"BreadcrumbList\",\"@id\":\"https:\\\/\\\/www.canamericanrealty.com\\\/es\\\/mercado-actual\\\/#breadcrumb\",\"itemListElement\":[{\"@type\":\"ListItem\",\"position\":1,\"name\":\"Home\",\"item\":\"https:\\\/\\\/www.canamericanrealty.com\\\/es\\\/\"},{\"@type\":\"ListItem\",\"position\":2,\"name\":\"Mercado Actual\"}]},{\"@type\":\"WebSite\",\"@id\":\"https:\\\/\\\/www.canamericanrealty.com\\\/#website\",\"url\":\"https:\\\/\\\/www.canamericanrealty.com\\\/\",\"name\":\"CanAmerican International Real Estate\",\"description\":\"International Real Estate\",\"potentialAction\":[{\"@type\":\"SearchAction\",\"target\":{\"@type\":\"EntryPoint\",\"urlTemplate\":\"https:\\\/\\\/www.canamericanrealty.com\\\/?s={search_term_string}\"},\"query-input\":{\"@type\":\"PropertyValueSpecification\",\"valueRequired\":true,\"valueName\":\"search_term_string\"}}],\"inLanguage\":\"es\"}]}<\/script>","yoast_head_json":{"title":"Mercado Actual - CanAmerican International Real Estate","robots":{"index":"index","follow":"follow","max-snippet":"max-snippet:-1","max-image-preview":"max-image-preview:large","max-video-preview":"max-video-preview:-1"},"canonical":"https:\/\/www.canamericanrealty.com\/es\/mercado-actual\/","og_locale":"es_MX","og_type":"article","og_title":"Mercado Actual - CanAmerican International Real Estate","og_description":"\u00bfPOR QU\u00c9 JUBILARSE EN MAZATL\u00c1N? Mazatl\u00e1n se ha convertido en un lugar popular para los extranjeros que invierten y se retiran en M\u00e9xico. Esto no es ninguna sorpresa ya que, adem\u00e1s de ser excepcionalmente bien conectado y con f\u00e1cil acceso de los EE.UU. y Europa, Mazatl\u00e1n tambi\u00e9n ofrece un clima maravilloso, instalaciones de clase mundial [&hellip;]","og_url":"https:\/\/www.canamericanrealty.com\/es\/mercado-actual\/","og_site_name":"CanAmerican International Real Estate","article_publisher":"https:\/\/www.facebook.com\/CanAmericanIntlRealty\/","article_modified_time":"2026-01-27T00:20:09+00:00","twitter_card":"summary_large_image","twitter_site":"@CanAmericanInt","twitter_misc":{"Tiempo de lectura":"6 minutos"},"schema":{"@context":"https:\/\/schema.org","@graph":[{"@type":"WebPage","@id":"https:\/\/www.canamericanrealty.com\/es\/mercado-actual\/","url":"https:\/\/www.canamericanrealty.com\/es\/mercado-actual\/","name":"Mercado Actual - CanAmerican International Real Estate","isPartOf":{"@id":"https:\/\/www.canamericanrealty.com\/#website"},"datePublished":"2016-11-15T20:35:58+00:00","dateModified":"2026-01-27T00:20:09+00:00","breadcrumb":{"@id":"https:\/\/www.canamericanrealty.com\/es\/mercado-actual\/#breadcrumb"},"inLanguage":"es","potentialAction":[{"@type":"ReadAction","target":["https:\/\/www.canamericanrealty.com\/es\/mercado-actual\/"]}]},{"@type":"BreadcrumbList","@id":"https:\/\/www.canamericanrealty.com\/es\/mercado-actual\/#breadcrumb","itemListElement":[{"@type":"ListItem","position":1,"name":"Home","item":"https:\/\/www.canamericanrealty.com\/es\/"},{"@type":"ListItem","position":2,"name":"Mercado Actual"}]},{"@type":"WebSite","@id":"https:\/\/www.canamericanrealty.com\/#website","url":"https:\/\/www.canamericanrealty.com\/","name":"CanAmerican International Real Estate","description":"International Real Estate","potentialAction":[{"@type":"SearchAction","target":{"@type":"EntryPoint","urlTemplate":"https:\/\/www.canamericanrealty.com\/?s={search_term_string}"},"query-input":{"@type":"PropertyValueSpecification","valueRequired":true,"valueName":"search_term_string"}}],"inLanguage":"es"}]}},"_links":{"self":[{"href":"https:\/\/www.canamericanrealty.com\/es\/wp-json\/wp\/v2\/pages\/3363","targetHints":{"allow":["GET"]}}],"collection":[{"href":"https:\/\/www.canamericanrealty.com\/es\/wp-json\/wp\/v2\/pages"}],"about":[{"href":"https:\/\/www.canamericanrealty.com\/es\/wp-json\/wp\/v2\/types\/page"}],"author":[{"embeddable":true,"href":"https:\/\/www.canamericanrealty.com\/es\/wp-json\/wp\/v2\/users\/1"}],"replies":[{"embeddable":true,"href":"https:\/\/www.canamericanrealty.com\/es\/wp-json\/wp\/v2\/comments?post=3363"}],"version-history":[{"count":2,"href":"https:\/\/www.canamericanrealty.com\/es\/wp-json\/wp\/v2\/pages\/3363\/revisions"}],"predecessor-version":[{"id":3366,"href":"https:\/\/www.canamericanrealty.com\/es\/wp-json\/wp\/v2\/pages\/3363\/revisions\/3366"}],"wp:attachment":[{"href":"https:\/\/www.canamericanrealty.com\/es\/wp-json\/wp\/v2\/media?parent=3363"}],"wp:term":[{"taxonomy":"author","embeddable":true,"href":"https:\/\/www.canamericanrealty.com\/es\/wp-json\/wp\/v2\/coauthors?post=3363"}],"curies":[{"name":"wp","href":"https:\/\/api.w.org\/{rel}","templated":true}]}}