{"id":3370,"date":"2016-11-11T14:59:44","date_gmt":"2016-11-11T21:59:44","guid":{"rendered":"https:\/\/canamericanrealty.comproperty-manager\/"},"modified":"2026-01-26T17:16:43","modified_gmt":"2026-01-27T00:16:43","slug":"administrador-de-la-propiedad","status":"publish","type":"page","link":"https:\/\/www.canamericanrealty.com\/es\/administrador-de-la-propiedad\/","title":{"rendered":"Administrador De La Propiedad"},"content":{"rendered":"<p>Estoy aqu\u00ed para ayudarle con todos sus SERVICIOS, LIMPIEZA, PAGOS, MANTENIMIENTO, REMODELACIONES, RENTAS y CONCIERGE de acuerdo a sus necesidades.<\/p>\n<p>APM (Alejandro Property Manager) entiende los desaf\u00edos que enfrentan los due\u00f1os con la inversi\u00f3n y mantenimiento de sus propiedades en Mazatl\u00e1n. Con los aumentos de los costos de la propiedad, el aumento de cuotas de mantenimiento y la necesidad de mantener su propiedad en buen estado, he dise\u00f1ado un paquete de servicios que le permitan minimizar los gastos mensuales por la administraci\u00f3n de su propiedad. El paquete VIP mensual proporciona un conjunto integral de servicios a un precio bajo y le dar\u00e1 la tranquilidad de que su propiedad est\u00e1 siendo cuidada profesionalmente mientras usted se encuentra fuera de Mazatl\u00e1n y tambi\u00e9n durante su estancia.<\/p>\n<p>Estar\u00e9 encantado de responder a cualquier pregunta que usted tenga y me asegurare de dise\u00f1ar un paquete de servicios que satisfaga sus necesidades. Por favor considere la posibilidad de que APM (Alejandro Property Manager) se convierta en el nuevo administrador de su propiedad.<\/p>\n<p>I would be delighted to answer any questions that you have and make sure we design a service package that meets your needs. Please consider having APM (Alejandro Property Manager) become your new Property Manager.<\/p>\n<p>Cont\u00e1ctanos para recibir mayor informaci\u00f3n y los precios de nuestros servicios!<br \/>\n669-117-1788<br \/>\n<a href=\"mailto:apmmazatlan@yahoo.com\">apmmazatlan@yahoo.com<\/a><br \/>\n<a href=\"http:\/\/www.apmmazatlan.com\" target=\"_blank\" rel=\"noopener\">www.apmmazatlan.com<\/a><\/p>\n","protected":false},"excerpt":{"rendered":"<p>Estoy aqu\u00ed para ayudarle con todos sus SERVICIOS, LIMPIEZA, PAGOS, MANTENIMIENTO, REMODELACIONES, RENTAS y CONCIERGE de acuerdo a sus necesidades. APM (Alejandro Property Manager) entiende los desaf\u00edos que enfrentan los due\u00f1os con la inversi\u00f3n y mantenimiento de sus propiedades en Mazatl\u00e1n. Con los aumentos de los costos de la propiedad, el aumento de cuotas de [&hellip;]<\/p>\n","protected":false},"author":1,"featured_media":0,"parent":0,"menu_order":0,"comment_status":"closed","ping_status":"closed","template":"template-full-width.php","meta":{"footnotes":""},"coauthors":[508],"class_list":["post-3370","page","type-page","status-publish","hentry"],"yoast_head":"<title>Administrador De La Propiedad - CanAmerican International Real Estate<\/title>\n<meta name=\"robots\" content=\"index, follow, max-snippet:-1, max-image-preview:large, max-video-preview:-1\" \/>\n<link rel=\"canonical\" href=\"https:\/\/www.canamericanrealty.com\/es\/administrador-de-la-propiedad\/\" \/>\n<meta property=\"og:locale\" content=\"es_MX\" \/>\n<meta property=\"og:type\" content=\"article\" \/>\n<meta property=\"og:title\" content=\"Administrador De La Propiedad - CanAmerican International Real Estate\" \/>\n<meta property=\"og:description\" content=\"Estoy aqu\u00ed para ayudarle con todos sus SERVICIOS, LIMPIEZA, PAGOS, MANTENIMIENTO, REMODELACIONES, RENTAS y CONCIERGE de acuerdo a sus necesidades. APM (Alejandro Property Manager) entiende los desaf\u00edos que enfrentan los due\u00f1os con la inversi\u00f3n y mantenimiento de sus propiedades en Mazatl\u00e1n. Con los aumentos de los costos de la propiedad, el aumento de cuotas de [&hellip;]\" \/>\n<meta property=\"og:url\" content=\"https:\/\/www.canamericanrealty.com\/es\/administrador-de-la-propiedad\/\" \/>\n<meta property=\"og:site_name\" content=\"CanAmerican International Real Estate\" \/>\n<meta property=\"article:publisher\" content=\"https:\/\/www.facebook.com\/CanAmericanIntlRealty\/\" \/>\n<meta property=\"article:modified_time\" content=\"2026-01-27T00:16:43+00:00\" \/>\n<meta name=\"twitter:card\" content=\"summary_large_image\" \/>\n<meta name=\"twitter:site\" content=\"@CanAmericanInt\" \/>\n<meta name=\"twitter:label1\" content=\"Tiempo de lectura\" \/>\n\t<meta name=\"twitter:data1\" content=\"1 minuto\" \/>\n<script type=\"application\/ld+json\" class=\"yoast-schema-graph\">{\"@context\":\"https:\\\/\\\/schema.org\",\"@graph\":[{\"@type\":\"WebPage\",\"@id\":\"https:\\\/\\\/www.canamericanrealty.com\\\/es\\\/administrador-de-la-propiedad\\\/\",\"url\":\"https:\\\/\\\/www.canamericanrealty.com\\\/es\\\/administrador-de-la-propiedad\\\/\",\"name\":\"Administrador De La Propiedad - CanAmerican International Real Estate\",\"isPartOf\":{\"@id\":\"https:\\\/\\\/www.canamericanrealty.com\\\/#website\"},\"datePublished\":\"2016-11-11T21:59:44+00:00\",\"dateModified\":\"2026-01-27T00:16:43+00:00\",\"breadcrumb\":{\"@id\":\"https:\\\/\\\/www.canamericanrealty.com\\\/es\\\/administrador-de-la-propiedad\\\/#breadcrumb\"},\"inLanguage\":\"es\",\"potentialAction\":[{\"@type\":\"ReadAction\",\"target\":[\"https:\\\/\\\/www.canamericanrealty.com\\\/es\\\/administrador-de-la-propiedad\\\/\"]}]},{\"@type\":\"BreadcrumbList\",\"@id\":\"https:\\\/\\\/www.canamericanrealty.com\\\/es\\\/administrador-de-la-propiedad\\\/#breadcrumb\",\"itemListElement\":[{\"@type\":\"ListItem\",\"position\":1,\"name\":\"Home\",\"item\":\"https:\\\/\\\/www.canamericanrealty.com\\\/es\\\/\"},{\"@type\":\"ListItem\",\"position\":2,\"name\":\"Administrador De La Propiedad\"}]},{\"@type\":\"WebSite\",\"@id\":\"https:\\\/\\\/www.canamericanrealty.com\\\/#website\",\"url\":\"https:\\\/\\\/www.canamericanrealty.com\\\/\",\"name\":\"CanAmerican International Real Estate\",\"description\":\"International Real Estate\",\"potentialAction\":[{\"@type\":\"SearchAction\",\"target\":{\"@type\":\"EntryPoint\",\"urlTemplate\":\"https:\\\/\\\/www.canamericanrealty.com\\\/?s={search_term_string}\"},\"query-input\":{\"@type\":\"PropertyValueSpecification\",\"valueRequired\":true,\"valueName\":\"search_term_string\"}}],\"inLanguage\":\"es\"}]}<\/script>","yoast_head_json":{"title":"Administrador De La Propiedad - CanAmerican International Real Estate","robots":{"index":"index","follow":"follow","max-snippet":"max-snippet:-1","max-image-preview":"max-image-preview:large","max-video-preview":"max-video-preview:-1"},"canonical":"https:\/\/www.canamericanrealty.com\/es\/administrador-de-la-propiedad\/","og_locale":"es_MX","og_type":"article","og_title":"Administrador De La Propiedad - CanAmerican International Real Estate","og_description":"Estoy aqu\u00ed para ayudarle con todos sus SERVICIOS, LIMPIEZA, PAGOS, MANTENIMIENTO, REMODELACIONES, RENTAS y CONCIERGE de acuerdo a sus necesidades. APM (Alejandro Property Manager) entiende los desaf\u00edos que enfrentan los due\u00f1os con la inversi\u00f3n y mantenimiento de sus propiedades en Mazatl\u00e1n. Con los aumentos de los costos de la propiedad, el aumento de cuotas de [&hellip;]","og_url":"https:\/\/www.canamericanrealty.com\/es\/administrador-de-la-propiedad\/","og_site_name":"CanAmerican International Real Estate","article_publisher":"https:\/\/www.facebook.com\/CanAmericanIntlRealty\/","article_modified_time":"2026-01-27T00:16:43+00:00","twitter_card":"summary_large_image","twitter_site":"@CanAmericanInt","twitter_misc":{"Tiempo de lectura":"1 minuto"},"schema":{"@context":"https:\/\/schema.org","@graph":[{"@type":"WebPage","@id":"https:\/\/www.canamericanrealty.com\/es\/administrador-de-la-propiedad\/","url":"https:\/\/www.canamericanrealty.com\/es\/administrador-de-la-propiedad\/","name":"Administrador De La Propiedad - CanAmerican International Real Estate","isPartOf":{"@id":"https:\/\/www.canamericanrealty.com\/#website"},"datePublished":"2016-11-11T21:59:44+00:00","dateModified":"2026-01-27T00:16:43+00:00","breadcrumb":{"@id":"https:\/\/www.canamericanrealty.com\/es\/administrador-de-la-propiedad\/#breadcrumb"},"inLanguage":"es","potentialAction":[{"@type":"ReadAction","target":["https:\/\/www.canamericanrealty.com\/es\/administrador-de-la-propiedad\/"]}]},{"@type":"BreadcrumbList","@id":"https:\/\/www.canamericanrealty.com\/es\/administrador-de-la-propiedad\/#breadcrumb","itemListElement":[{"@type":"ListItem","position":1,"name":"Home","item":"https:\/\/www.canamericanrealty.com\/es\/"},{"@type":"ListItem","position":2,"name":"Administrador De La Propiedad"}]},{"@type":"WebSite","@id":"https:\/\/www.canamericanrealty.com\/#website","url":"https:\/\/www.canamericanrealty.com\/","name":"CanAmerican International Real Estate","description":"International Real Estate","potentialAction":[{"@type":"SearchAction","target":{"@type":"EntryPoint","urlTemplate":"https:\/\/www.canamericanrealty.com\/?s={search_term_string}"},"query-input":{"@type":"PropertyValueSpecification","valueRequired":true,"valueName":"search_term_string"}}],"inLanguage":"es"}]}},"_links":{"self":[{"href":"https:\/\/www.canamericanrealty.com\/es\/wp-json\/wp\/v2\/pages\/3370","targetHints":{"allow":["GET"]}}],"collection":[{"href":"https:\/\/www.canamericanrealty.com\/es\/wp-json\/wp\/v2\/pages"}],"about":[{"href":"https:\/\/www.canamericanrealty.com\/es\/wp-json\/wp\/v2\/types\/page"}],"author":[{"embeddable":true,"href":"https:\/\/www.canamericanrealty.com\/es\/wp-json\/wp\/v2\/users\/1"}],"replies":[{"embeddable":true,"href":"https:\/\/www.canamericanrealty.com\/es\/wp-json\/wp\/v2\/comments?post=3370"}],"version-history":[{"count":3,"href":"https:\/\/www.canamericanrealty.com\/es\/wp-json\/wp\/v2\/pages\/3370\/revisions"}],"predecessor-version":[{"id":10860,"href":"https:\/\/www.canamericanrealty.com\/es\/wp-json\/wp\/v2\/pages\/3370\/revisions\/10860"}],"wp:attachment":[{"href":"https:\/\/www.canamericanrealty.com\/es\/wp-json\/wp\/v2\/media?parent=3370"}],"wp:term":[{"taxonomy":"author","embeddable":true,"href":"https:\/\/www.canamericanrealty.com\/es\/wp-json\/wp\/v2\/coauthors?post=3370"}],"curies":[{"name":"wp","href":"https:\/\/api.w.org\/{rel}","templated":true}]}}