{"id":3409,"date":"2016-12-16T17:31:41","date_gmt":"2016-12-17T00:31:41","guid":{"rendered":"https:\/\/canamericanrealty.comlos-arcos-condominiums-at-courtyard-by-marriott\/"},"modified":"2017-01-01T15:35:28","modified_gmt":"2017-01-01T22:35:28","slug":"los-arcos-condominios-en-el-courtyard-por-marriott","status":"publish","type":"page","link":"https:\/\/www.canamericanrealty.com\/es\/los-arcos-condominios-en-el-courtyard-por-marriott\/","title":{"rendered":"Los Arcos condominios en el Courtyard por Marriott"},"content":{"rendered":"<p>[vc_row][vc_column css=&#8221;.vc_custom_1481935009747{padding-top: 15px !important;padding-right: 15px !important;padding-bottom: 15px !important;padding-left: 15px !important;}&#8221;][vc_column_text]<img fetchpriority=\"high\" decoding=\"async\" src=\"https:\/\/canamericanrealty.comwp-content\/uploads\/2016\/12\/111-300x225.jpg\" alt=\"Mariott Mazatlan\" width=\"300\" height=\"225\" id=\"right-center\" style=\"padding-top:10px;\" \/><\/p>\n<h2 style=\"text-align: center;\"><strong><span style=\"color: #3366ff;\">PRE-SALE<\/span><\/strong><\/h2>\n<p style=\"text-align: center;\"><strong>Los Arcos condominios en el Courtyard por Marriott<\/strong><\/p>\n<h4 style=\"text-align: center;\">Oportunidad de una VIDA&#8230;.<\/h4>\n<p>Inbox o correo electr\u00f3nico para obtener informaci\u00f3n sobre NUESTRA nueva lista exclusiva &#8230;<br \/>\nFrente a la playa Zona dorada, condominios de lujo pre-venta AHORA. Era 42 ahora 26 oportunidades, \u00e9stas ser\u00e1n habladas por en d\u00edas.<\/p>\n<h4 style=\"text-align: center;\">De 380k USD.<\/h4>\n<h3 style=\"text-align: center;\">Inbox o correo electr\u00f3nico para obtener informaci\u00f3n: AzMazAgent@Gmail.com<\/h3>\n<p>[\/vc_column_text][vc_media_grid grid_id=&#8221;vc_gid:1481936273446-71ebbbf6e97b481eecc5958cdd3e5dd7-10&#8243; include=&#8221;3388,3386,3384&#8243;][\/vc_column][\/vc_row]<\/p>\n","protected":false},"excerpt":{"rendered":"<p>[vc_row][vc_column css=&#8221;.vc_custom_1481935009747{padding-top: 15px !important;padding-right: 15px !important;padding-bottom: 15px !important;padding-left: 15px !important;}&#8221;][vc_column_text] PRE-SALE Los Arcos condominios en el Courtyard por Marriott Oportunidad de una VIDA&#8230;. Inbox o correo electr\u00f3nico para obtener informaci\u00f3n sobre NUESTRA nueva lista exclusiva &#8230; Frente a la playa Zona dorada, condominios de lujo pre-venta AHORA. Era 42 ahora 26 oportunidades, \u00e9stas ser\u00e1n habladas [&hellip;]<\/p>\n","protected":false},"author":1,"featured_media":0,"parent":0,"menu_order":0,"comment_status":"closed","ping_status":"closed","template":"","meta":{"footnotes":""},"class_list":["post-3409","page","type-page","status-publish","hentry"],"yoast_head":"<title>Los Arcos condominios en el Courtyard por Marriott - CanAmerican International Real Estate<\/title>\n<meta name=\"robots\" content=\"index, follow, max-snippet:-1, max-image-preview:large, max-video-preview:-1\" \/>\n<link rel=\"canonical\" href=\"https:\/\/www.canamericanrealty.com\/es\/los-arcos-condominios-en-el-courtyard-por-marriott\/\" \/>\n<meta property=\"og:locale\" content=\"es_MX\" \/>\n<meta property=\"og:type\" content=\"article\" \/>\n<meta property=\"og:title\" content=\"Los Arcos condominios en el Courtyard por Marriott - CanAmerican International Real Estate\" \/>\n<meta property=\"og:description\" content=\"[vc_row][vc_column css=&#8221;.vc_custom_1481935009747{padding-top: 15px !important;padding-right: 15px !important;padding-bottom: 15px !important;padding-left: 15px !important;}&#8221;][vc_column_text] PRE-SALE Los Arcos condominios en el Courtyard por Marriott Oportunidad de una VIDA&#8230;. Inbox o correo electr\u00f3nico para obtener informaci\u00f3n sobre NUESTRA nueva lista exclusiva &#8230; Frente a la playa Zona dorada, condominios de lujo pre-venta AHORA. Era 42 ahora 26 oportunidades, \u00e9stas ser\u00e1n habladas [&hellip;]\" \/>\n<meta property=\"og:url\" content=\"https:\/\/www.canamericanrealty.com\/es\/los-arcos-condominios-en-el-courtyard-por-marriott\/\" \/>\n<meta property=\"og:site_name\" content=\"CanAmerican International Real Estate\" \/>\n<meta property=\"article:publisher\" content=\"https:\/\/www.facebook.com\/CanAmericanIntlRealty\/\" \/>\n<meta property=\"article:modified_time\" content=\"2017-01-01T22:35:28+00:00\" \/>\n<meta property=\"og:image\" content=\"https:\/\/canamericanrealty.comwp-content\/uploads\/2016\/12\/111-300x225.jpg\" \/>\n<meta name=\"twitter:card\" content=\"summary_large_image\" \/>\n<meta name=\"twitter:site\" content=\"@CanAmericanInt\" \/>\n<meta name=\"twitter:label1\" content=\"Tiempo de lectura\" \/>\n\t<meta name=\"twitter:data1\" content=\"1 minuto\" \/>\n<script type=\"application\/ld+json\" class=\"yoast-schema-graph\">{\"@context\":\"https:\\\/\\\/schema.org\",\"@graph\":[{\"@type\":\"WebPage\",\"@id\":\"https:\\\/\\\/www.canamericanrealty.com\\\/es\\\/los-arcos-condominios-en-el-courtyard-por-marriott\\\/\",\"url\":\"https:\\\/\\\/www.canamericanrealty.com\\\/es\\\/los-arcos-condominios-en-el-courtyard-por-marriott\\\/\",\"name\":\"Los Arcos condominios en el Courtyard por Marriott - CanAmerican International Real Estate\",\"isPartOf\":{\"@id\":\"https:\\\/\\\/www.canamericanrealty.com\\\/#website\"},\"primaryImageOfPage\":{\"@id\":\"https:\\\/\\\/www.canamericanrealty.com\\\/es\\\/los-arcos-condominios-en-el-courtyard-por-marriott\\\/#primaryimage\"},\"image\":{\"@id\":\"https:\\\/\\\/www.canamericanrealty.com\\\/es\\\/los-arcos-condominios-en-el-courtyard-por-marriott\\\/#primaryimage\"},\"thumbnailUrl\":\"https:\\\/\\\/canamericanrealty.comwp-content\\\/uploads\\\/2016\\\/12\\\/111-300x225.jpg\",\"datePublished\":\"2016-12-17T00:31:41+00:00\",\"dateModified\":\"2017-01-01T22:35:28+00:00\",\"breadcrumb\":{\"@id\":\"https:\\\/\\\/www.canamericanrealty.com\\\/es\\\/los-arcos-condominios-en-el-courtyard-por-marriott\\\/#breadcrumb\"},\"inLanguage\":\"es\",\"potentialAction\":[{\"@type\":\"ReadAction\",\"target\":[\"https:\\\/\\\/www.canamericanrealty.com\\\/es\\\/los-arcos-condominios-en-el-courtyard-por-marriott\\\/\"]}]},{\"@type\":\"ImageObject\",\"inLanguage\":\"es\",\"@id\":\"https:\\\/\\\/www.canamericanrealty.com\\\/es\\\/los-arcos-condominios-en-el-courtyard-por-marriott\\\/#primaryimage\",\"url\":\"https:\\\/\\\/canamericanrealty.comwp-content\\\/uploads\\\/2016\\\/12\\\/111-300x225.jpg\",\"contentUrl\":\"https:\\\/\\\/canamericanrealty.comwp-content\\\/uploads\\\/2016\\\/12\\\/111-300x225.jpg\"},{\"@type\":\"BreadcrumbList\",\"@id\":\"https:\\\/\\\/www.canamericanrealty.com\\\/es\\\/los-arcos-condominios-en-el-courtyard-por-marriott\\\/#breadcrumb\",\"itemListElement\":[{\"@type\":\"ListItem\",\"position\":1,\"name\":\"Home\",\"item\":\"https:\\\/\\\/www.canamericanrealty.com\\\/es\\\/\"},{\"@type\":\"ListItem\",\"position\":2,\"name\":\"Los Arcos condominios en el Courtyard por Marriott\"}]},{\"@type\":\"WebSite\",\"@id\":\"https:\\\/\\\/www.canamericanrealty.com\\\/#website\",\"url\":\"https:\\\/\\\/www.canamericanrealty.com\\\/\",\"name\":\"CanAmerican International Real Estate\",\"description\":\"International Real Estate\",\"potentialAction\":[{\"@type\":\"SearchAction\",\"target\":{\"@type\":\"EntryPoint\",\"urlTemplate\":\"https:\\\/\\\/www.canamericanrealty.com\\\/?s={search_term_string}\"},\"query-input\":{\"@type\":\"PropertyValueSpecification\",\"valueRequired\":true,\"valueName\":\"search_term_string\"}}],\"inLanguage\":\"es\"}]}<\/script>","yoast_head_json":{"title":"Los Arcos condominios en el Courtyard por Marriott - CanAmerican International Real Estate","robots":{"index":"index","follow":"follow","max-snippet":"max-snippet:-1","max-image-preview":"max-image-preview:large","max-video-preview":"max-video-preview:-1"},"canonical":"https:\/\/www.canamericanrealty.com\/es\/los-arcos-condominios-en-el-courtyard-por-marriott\/","og_locale":"es_MX","og_type":"article","og_title":"Los Arcos condominios en el Courtyard por Marriott - CanAmerican International Real Estate","og_description":"[vc_row][vc_column css=&#8221;.vc_custom_1481935009747{padding-top: 15px !important;padding-right: 15px !important;padding-bottom: 15px !important;padding-left: 15px !important;}&#8221;][vc_column_text] PRE-SALE Los Arcos condominios en el Courtyard por Marriott Oportunidad de una VIDA&#8230;. Inbox o correo electr\u00f3nico para obtener informaci\u00f3n sobre NUESTRA nueva lista exclusiva &#8230; Frente a la playa Zona dorada, condominios de lujo pre-venta AHORA. Era 42 ahora 26 oportunidades, \u00e9stas ser\u00e1n habladas [&hellip;]","og_url":"https:\/\/www.canamericanrealty.com\/es\/los-arcos-condominios-en-el-courtyard-por-marriott\/","og_site_name":"CanAmerican International Real Estate","article_publisher":"https:\/\/www.facebook.com\/CanAmericanIntlRealty\/","article_modified_time":"2017-01-01T22:35:28+00:00","og_image":[{"url":"https:\/\/canamericanrealty.comwp-content\/uploads\/2016\/12\/111-300x225.jpg","type":"","width":"","height":""}],"twitter_card":"summary_large_image","twitter_site":"@CanAmericanInt","twitter_misc":{"Tiempo de lectura":"1 minuto"},"schema":{"@context":"https:\/\/schema.org","@graph":[{"@type":"WebPage","@id":"https:\/\/www.canamericanrealty.com\/es\/los-arcos-condominios-en-el-courtyard-por-marriott\/","url":"https:\/\/www.canamericanrealty.com\/es\/los-arcos-condominios-en-el-courtyard-por-marriott\/","name":"Los Arcos condominios en el Courtyard por Marriott - CanAmerican International Real Estate","isPartOf":{"@id":"https:\/\/www.canamericanrealty.com\/#website"},"primaryImageOfPage":{"@id":"https:\/\/www.canamericanrealty.com\/es\/los-arcos-condominios-en-el-courtyard-por-marriott\/#primaryimage"},"image":{"@id":"https:\/\/www.canamericanrealty.com\/es\/los-arcos-condominios-en-el-courtyard-por-marriott\/#primaryimage"},"thumbnailUrl":"https:\/\/canamericanrealty.comwp-content\/uploads\/2016\/12\/111-300x225.jpg","datePublished":"2016-12-17T00:31:41+00:00","dateModified":"2017-01-01T22:35:28+00:00","breadcrumb":{"@id":"https:\/\/www.canamericanrealty.com\/es\/los-arcos-condominios-en-el-courtyard-por-marriott\/#breadcrumb"},"inLanguage":"es","potentialAction":[{"@type":"ReadAction","target":["https:\/\/www.canamericanrealty.com\/es\/los-arcos-condominios-en-el-courtyard-por-marriott\/"]}]},{"@type":"ImageObject","inLanguage":"es","@id":"https:\/\/www.canamericanrealty.com\/es\/los-arcos-condominios-en-el-courtyard-por-marriott\/#primaryimage","url":"https:\/\/canamericanrealty.comwp-content\/uploads\/2016\/12\/111-300x225.jpg","contentUrl":"https:\/\/canamericanrealty.comwp-content\/uploads\/2016\/12\/111-300x225.jpg"},{"@type":"BreadcrumbList","@id":"https:\/\/www.canamericanrealty.com\/es\/los-arcos-condominios-en-el-courtyard-por-marriott\/#breadcrumb","itemListElement":[{"@type":"ListItem","position":1,"name":"Home","item":"https:\/\/www.canamericanrealty.com\/es\/"},{"@type":"ListItem","position":2,"name":"Los Arcos condominios en el Courtyard por Marriott"}]},{"@type":"WebSite","@id":"https:\/\/www.canamericanrealty.com\/#website","url":"https:\/\/www.canamericanrealty.com\/","name":"CanAmerican International Real Estate","description":"International Real Estate","potentialAction":[{"@type":"SearchAction","target":{"@type":"EntryPoint","urlTemplate":"https:\/\/www.canamericanrealty.com\/?s={search_term_string}"},"query-input":{"@type":"PropertyValueSpecification","valueRequired":true,"valueName":"search_term_string"}}],"inLanguage":"es"}]}},"_links":{"self":[{"href":"https:\/\/www.canamericanrealty.com\/es\/wp-json\/wp\/v2\/pages\/3409","targetHints":{"allow":["GET"]}}],"collection":[{"href":"https:\/\/www.canamericanrealty.com\/es\/wp-json\/wp\/v2\/pages"}],"about":[{"href":"https:\/\/www.canamericanrealty.com\/es\/wp-json\/wp\/v2\/types\/page"}],"author":[{"embeddable":true,"href":"https:\/\/www.canamericanrealty.com\/es\/wp-json\/wp\/v2\/users\/1"}],"replies":[{"embeddable":true,"href":"https:\/\/www.canamericanrealty.com\/es\/wp-json\/wp\/v2\/comments?post=3409"}],"version-history":[{"count":2,"href":"https:\/\/www.canamericanrealty.com\/es\/wp-json\/wp\/v2\/pages\/3409\/revisions"}],"predecessor-version":[{"id":3411,"href":"https:\/\/www.canamericanrealty.com\/es\/wp-json\/wp\/v2\/pages\/3409\/revisions\/3411"}],"wp:attachment":[{"href":"https:\/\/www.canamericanrealty.com\/es\/wp-json\/wp\/v2\/media?parent=3409"}],"curies":[{"name":"wp","href":"https:\/\/api.w.org\/{rel}","templated":true}]}}